{"id":810,"date":"2018-01-29T21:13:17","date_gmt":"2018-01-29T20:13:17","guid":{"rendered":"https:\/\/panorama-pfelders.com\/impressum\/"},"modified":"2025-02-17T10:47:21","modified_gmt":"2025-02-17T09:47:21","slug":"credits","status":"publish","type":"page","link":"https:\/\/panorama-pfelders.com\/it\/credits\/","title":{"rendered":"Credits"},"content":{"rendered":"<p>&nbsp;<\/p>\n<p><strong>PANORAMA RESIDENCE<br \/>\n<\/strong>die Schweigl Stefanie &amp; CO.SAS<strong><br \/>\n<\/strong>Via Plan 41<br \/>\nI-39013 Moso in Passiria<br \/>\nT +39 0473 646727<\/p>\n<p><a href=\"mailto:info@panorama-pfelders.com\">info@panorama-pfelders.com<\/a><\/p>\n<p>P.IVA 02937130215<br \/>\nCodice destinatario: T9K4ZHO<br \/>\nCIN (Codice Identificativo Nazionale): IT021054B44VBP7JZV<\/p>\n<p>&#8212;<\/p>\n<p><strong>Programmazione WordPress<\/strong><br \/>\n<a href=\"http:\/\/fahrner.it\/\">Lukas Fahrner<\/a><\/p>\n<p>&nbsp;<\/p>\n<p><strong>Grafica<\/strong><br \/>\n<a href=\"http:\/\/fahrner.it\/\">freiraum.bz.it<\/a><\/p>\n<p>&nbsp;<\/p>\n<p><strong>Foto<\/strong><br \/>\n<a href=\"http:\/\/florianandergassen.com\/\">Florian Andergassen<\/a><br \/>\nIDM<br \/>\nTV Passeiertal-Benjamin Pfitscher<\/p>\n<p>&nbsp;<\/p>\n<p><strong>Content<\/strong><br \/>\n<a href=\"http:\/\/fahrner.it\/\">context.bz.it<\/a><\/p>\n<p>&#8212;<\/p>\n<p><strong>IMPORTANTE (Regolamento (UE) n. 524\/2013)<\/strong><\/p>\n<p>Piattaforma della commissione europea \u2013 Risoluzione online delle controversie:\u00a0<a href=\"http:\/\/www.ec.europa.eu\/consumers\/odr\" target=\"_blank\" rel=\"noopener noreferrer\">www.ec.europa.eu\/consumers\/odr<\/a><\/p>\n<p>E-Mail:\u00a0<a href=\"mailto:info@panorama-pfelders.com\">info@panorama-pfelders.com<\/a><span id=\"cloak7d8074d4d98dce47112261d9dc9345c0\"><\/span><\/p>\n<p>&nbsp;<\/p>\n<h3>Indicazioni importanti<\/h3>\n<p>Tutte le informazioni contenute nella pagina sono protette da diritti d\u2019autore e di propriet\u00e0. L\u2019uso e la diffusione sono riservate esclusivamente ad uso personale. Ogni uso diverso deve essere consentito per iscritto. Questo riguarda soprattutto la riproduzione, traduzione, la riproduzione cinematografica, memorizzazione e diffusione mediate mezzi elettronici.<\/p>\n<p>&nbsp;<\/p>\n<h3>Esclusione dalla responsabilit\u00e0:<\/h3>\n<p>Molti \u201elink\u201c conducono dalla pagina internet (\u201eInternetsite\u201c) a pagine esterne gestite e\/o pubblicate da esercizi esterni. Queste pagine non possono essere controllate da noi. Per questo motivo non possiamo assumerci nessuna responsabilit\u00e0 sull\u2019eventuale contenuto. Solo gli esercizi esterni sono responsabili del contenuto di dette pagine. Al momento della messa in rete della nostra pagina web non sono stati riscontrati contenuti illegali. Ci dissociamo da eventuali prese di posizioni contenute nei link esterni. Il nostro sito web viene attualizzato regolarmente. Tuttavia non possiamo garantire la piena esattezza, conformit\u00e0, legittimit\u00e0, attualit\u00e0 e completezza dei dati ivi contenuti.<\/p>","protected":false},"excerpt":{"rendered":"&nbsp; PANORAMA RESIDENCE die Schweigl Stefanie &amp; CO.SAS Via Plan 41 I-39013 Moso in Passiria T +39 0473 646727 info@panorama-pfelders.com P.IVA 02937130215 Codice destinatario: T9K4ZHO CIN (Codice Identificativo Nazionale): IT021054B44VBP7JZV &#8212; Programmazione WordPress Lukas Fahrner &nbsp; Grafica freiraum.bz.it &nbsp; Foto Florian Andergassen IDM TV Passeiertal-Benjamin Pfitscher &nbsp; Content context.bz.it &#8212; IMPORTANTE (Regolamento (UE) n. 524\/2013)&#8230; <a class=\"view-article\" href=\"https:\/\/panorama-pfelders.com\/it\/credits\/\">View Article<\/a>","protected":false},"author":1,"featured_media":811,"parent":0,"menu_order":97,"comment_status":"closed","ping_status":"closed","template":"","meta":{"_acf_changed":false,"footnotes":""},"class_list":["post-810","page","type-page","status-publish","has-post-thumbnail","hentry"],"acf":[],"_links":{"self":[{"href":"https:\/\/panorama-pfelders.com\/it\/wp-json\/wp\/v2\/pages\/810","targetHints":{"allow":["GET"]}}],"collection":[{"href":"https:\/\/panorama-pfelders.com\/it\/wp-json\/wp\/v2\/pages"}],"about":[{"href":"https:\/\/panorama-pfelders.com\/it\/wp-json\/wp\/v2\/types\/page"}],"author":[{"embeddable":true,"href":"https:\/\/panorama-pfelders.com\/it\/wp-json\/wp\/v2\/users\/1"}],"replies":[{"embeddable":true,"href":"https:\/\/panorama-pfelders.com\/it\/wp-json\/wp\/v2\/comments?post=810"}],"version-history":[{"count":3,"href":"https:\/\/panorama-pfelders.com\/it\/wp-json\/wp\/v2\/pages\/810\/revisions"}],"predecessor-version":[{"id":1750,"href":"https:\/\/panorama-pfelders.com\/it\/wp-json\/wp\/v2\/pages\/810\/revisions\/1750"}],"wp:featuredmedia":[{"embeddable":true,"href":"https:\/\/panorama-pfelders.com\/it\/wp-json\/wp\/v2\/media\/811"}],"wp:attachment":[{"href":"https:\/\/panorama-pfelders.com\/it\/wp-json\/wp\/v2\/media?parent=810"}],"curies":[{"name":"wp","href":"https:\/\/api.w.org\/{rel}","templated":true}]}}